{"id":793,"date":"2021-09-09T11:08:09","date_gmt":"2021-09-09T14:08:09","guid":{"rendered":"https:\/\/soyculto.com\/merci-pour-votre-contact\/"},"modified":"2022-10-10T14:55:51","modified_gmt":"2022-10-10T17:55:51","slug":"merci-pour-votre-contact","status":"publish","type":"page","link":"https:\/\/soyculto.com\/fr\/merci-pour-votre-contact\/","title":{"rendered":"Merci pour votre contact"},"content":{"rendered":"<p>[et_pb_section fb_built=\u00a0\u00bb1&Prime; _builder_version=\u00a0\u00bb4.16&Prime; _module_preset=\u00a0\u00bbdefault\u00a0\u00bb da_disable_devices=\u00a0\u00bboff|off|off\u00a0\u00bb global_colors_info=\u00a0\u00bb{}\u00a0\u00bb da_is_popup=\u00a0\u00bboff\u00a0\u00bb da_exit_intent=\u00a0\u00bboff\u00a0\u00bb da_has_close=\u00a0\u00bbon\u00a0\u00bb da_alt_close=\u00a0\u00bboff\u00a0\u00bb da_dark_close=\u00a0\u00bboff\u00a0\u00bb da_not_modal=\u00a0\u00bbon\u00a0\u00bb da_is_singular=\u00a0\u00bboff\u00a0\u00bb da_with_loader=\u00a0\u00bboff\u00a0\u00bb da_has_shadow=\u00a0\u00bbon\u00a0\u00bb][et_pb_row column_structure=\u00a0\u00bb1_2,1_2&Prime; _builder_version=\u00a0\u00bb4.16&Prime; _module_preset=\u00a0\u00bbdefault\u00a0\u00bb locked=\u00a0\u00bboff\u00a0\u00bb global_colors_info=\u00a0\u00bb{}\u00a0\u00bb][et_pb_column type=\u00a0\u00bb1_2&Prime; _builder_version=\u00a0\u00bb4.16&Prime; _module_preset=\u00a0\u00bbdefault\u00a0\u00bb global_colors_info=\u00a0\u00bb{}\u00a0\u00bb][et_pb_text _builder_version=\u00a0\u00bb4.17.4&Prime; _module_preset=\u00a0\u00bbdefault\u00a0\u00bb text_font=\u00a0\u00bbOpen Sans||||||||\u00a0\u00bb text_line_height=\u00a0\u00bb21px\u00a0\u00bb header_font=\u00a0\u00bbMontserrat|900|||||||\u00a0\u00bb header_text_align=\u00a0\u00bbleft\u00a0\u00bb header_text_color=\u00a0\u00bb#5bce89&Prime; header_font_size=\u00a0\u00bb55px\u00a0\u00bb header_line_height=\u00a0\u00bb61px\u00a0\u00bb header_2_font=\u00a0\u00bbMontserrat|900|||||||\u00a0\u00bb header_2_text_align=\u00a0\u00bbleft\u00a0\u00bb header_2_text_color=\u00a0\u00bb#5bce89&Prime; header_2_font_size=\u00a0\u00bb55px\u00a0\u00bb header_2_line_height=\u00a0\u00bb61px\u00a0\u00bb header_3_font=\u00a0\u00bbMontserrat|900|||||||\u00a0\u00bb header_3_text_align=\u00a0\u00bbleft\u00a0\u00bb header_3_text_color=\u00a0\u00bb#5bce89&Prime; header_3_font_size=\u00a0\u00bb55px\u00a0\u00bb header_3_line_height=\u00a0\u00bb61px\u00a0\u00bb header_4_font=\u00a0\u00bbMontserrat|700|||||||\u00a0\u00bb header_4_text_align=\u00a0\u00bbleft\u00a0\u00bb header_4_text_color=\u00a0\u00bb#F4873D\u00a0\u00bb header_4_font_size=\u00a0\u00bb24px\u00a0\u00bb header_4_line_height=\u00a0\u00bb61px\u00a0\u00bb header_5_font=\u00a0\u00bbMontserrat|900|||||||\u00a0\u00bb header_5_text_align=\u00a0\u00bbleft\u00a0\u00bb header_5_text_color=\u00a0\u00bb#5bce89&Prime; header_5_font_size=\u00a0\u00bb55px\u00a0\u00bb header_5_line_height=\u00a0\u00bb61px\u00a0\u00bb header_6_font=\u00a0\u00bbMontserrat|900|||||||\u00a0\u00bb header_6_text_align=\u00a0\u00bbleft\u00a0\u00bb header_6_text_color=\u00a0\u00bb#5bce89&Prime; header_6_font_size=\u00a0\u00bb55px\u00a0\u00bb header_6_line_height=\u00a0\u00bb61px\u00a0\u00bb width_tablet=\u00a0\u00bb\u00a0\u00bb width_phone=\u00a0\u00bb100%\u00a0\u00bb width_last_edited=\u00a0\u00bbon|phone\u00a0\u00bb custom_margin=\u00a0\u00bb91px||||false|false\u00a0\u00bb custom_margin_tablet=\u00a0\u00bb0px||||false|false\u00a0\u00bb custom_margin_phone=\u00a0\u00bb-23px||||false|false\u00a0\u00bb custom_margin_last_edited=\u00a0\u00bbon|tablet\u00a0\u00bb custom_padding=\u00a0\u00bb30px||||false|false\u00a0\u00bb custom_padding_tablet=\u00a0\u00bb|80px||80px|false|false\u00a0\u00bb custom_padding_phone=\u00a0\u00bb|20px||20px|false|false\u00a0\u00bb custom_padding_last_edited=\u00a0\u00bbon|phone\u00a0\u00bb hover_enabled=\u00a0\u00bb0&Prime; text_font_size_tablet=\u00a0\u00bb\u00a0\u00bb text_font_size_phone=\u00a0\u00bb14px\u00a0\u00bb text_font_size_last_edited=\u00a0\u00bbon|phone\u00a0\u00bb header_text_align_tablet=\u00a0\u00bbleft\u00a0\u00bb header_text_align_phone=\u00a0\u00bbcenter\u00a0\u00bb header_text_align_last_edited=\u00a0\u00bbon|desktop\u00a0\u00bb header_font_size_tablet=\u00a0\u00bb46px\u00a0\u00bb header_font_size_phone=\u00a0\u00bb40px\u00a0\u00bb header_font_size_last_edited=\u00a0\u00bbon|desktop\u00a0\u00bb header_line_height_tablet=\u00a0\u00bb52px\u00a0\u00bb header_line_height_phone=\u00a0\u00bb46px\u00a0\u00bb header_line_height_last_edited=\u00a0\u00bbon|desktop\u00a0\u00bb header_2_text_align_tablet=\u00a0\u00bbleft\u00a0\u00bb header_2_text_align_phone=\u00a0\u00bbcenter\u00a0\u00bb header_2_text_align_last_edited=\u00a0\u00bbon|desktop\u00a0\u00bb header_2_font_size_tablet=\u00a0\u00bb46px\u00a0\u00bb header_2_font_size_phone=\u00a0\u00bb40px\u00a0\u00bb header_2_font_size_last_edited=\u00a0\u00bbon|desktop\u00a0\u00bb header_2_line_height_tablet=\u00a0\u00bb52px\u00a0\u00bb header_2_line_height_phone=\u00a0\u00bb46px\u00a0\u00bb header_2_line_height_last_edited=\u00a0\u00bbon|desktop\u00a0\u00bb header_3_text_align_tablet=\u00a0\u00bbleft\u00a0\u00bb header_3_text_align_phone=\u00a0\u00bbcenter\u00a0\u00bb header_3_text_align_last_edited=\u00a0\u00bbon|desktop\u00a0\u00bb header_3_font_size_tablet=\u00a0\u00bb46px\u00a0\u00bb header_3_font_size_phone=\u00a0\u00bb40px\u00a0\u00bb header_3_font_size_last_edited=\u00a0\u00bbon|desktop\u00a0\u00bb header_3_line_height_tablet=\u00a0\u00bb52px\u00a0\u00bb header_3_line_height_phone=\u00a0\u00bb46px\u00a0\u00bb header_3_line_height_last_edited=\u00a0\u00bbon|desktop\u00a0\u00bb header_4_text_align_tablet=\u00a0\u00bbleft\u00a0\u00bb header_4_text_align_phone=\u00a0\u00bbcenter\u00a0\u00bb header_4_text_align_last_edited=\u00a0\u00bbon|desktop\u00a0\u00bb header_4_font_size_tablet=\u00a0\u00bb46px\u00a0\u00bb header_4_font_size_phone=\u00a0\u00bb40px\u00a0\u00bb header_4_font_size_last_edited=\u00a0\u00bbon|desktop\u00a0\u00bb header_4_line_height_tablet=\u00a0\u00bb52px\u00a0\u00bb header_4_line_height_phone=\u00a0\u00bb46px\u00a0\u00bb header_4_line_height_last_edited=\u00a0\u00bbon|desktop\u00a0\u00bb header_5_text_align_tablet=\u00a0\u00bbleft\u00a0\u00bb header_5_text_align_phone=\u00a0\u00bbcenter\u00a0\u00bb header_5_text_align_last_edited=\u00a0\u00bbon|desktop\u00a0\u00bb header_5_font_size_tablet=\u00a0\u00bb46px\u00a0\u00bb header_5_font_size_phone=\u00a0\u00bb40px\u00a0\u00bb header_5_font_size_last_edited=\u00a0\u00bbon|desktop\u00a0\u00bb header_5_line_height_tablet=\u00a0\u00bb52px\u00a0\u00bb header_5_line_height_phone=\u00a0\u00bb46px\u00a0\u00bb header_5_line_height_last_edited=\u00a0\u00bbon|desktop\u00a0\u00bb header_6_text_align_tablet=\u00a0\u00bbleft\u00a0\u00bb header_6_text_align_phone=\u00a0\u00bbcenter\u00a0\u00bb header_6_text_align_last_edited=\u00a0\u00bbon|desktop\u00a0\u00bb header_6_font_size_tablet=\u00a0\u00bb46px\u00a0\u00bb header_6_font_size_phone=\u00a0\u00bb40px\u00a0\u00bb header_6_font_size_last_edited=\u00a0\u00bbon|desktop\u00a0\u00bb header_6_line_height_tablet=\u00a0\u00bb52px\u00a0\u00bb header_6_line_height_phone=\u00a0\u00bb46px\u00a0\u00bb header_6_line_height_last_edited=\u00a0\u00bbon|desktop\u00a0\u00bb text_orientation_tablet=\u00a0\u00bb\u00a0\u00bb text_orientation_phone=\u00a0\u00bbcenter\u00a0\u00bb text_orientation_last_edited=\u00a0\u00bbon|phone\u00a0\u00bb global_colors_info=\u00a0\u00bb{%22gcid-7b7114cf-eef1-4bdc-9491-b1767c01d915%22:%91%22dot_nav_custom_color%22%93}\u00a0\u00bb text_font_size=\u00a0\u00bb19px\u00a0\u00bb sticky_enabled=\u00a0\u00bb0&Prime;]<\/p>\n<h2><span>Thank you for Contacting Us!<\/span><\/h2>\n<p><span>Your request have successfully been sent. We are committed to cantact you back in the next 72 hours.<\/span><\/p>\n<h4>Please stay tuned!<\/h4>\n<p>[\/et_pb_text][\/et_pb_column][et_pb_column type=\u00a0\u00bb1_2&Prime; _builder_version=\u00a0\u00bb4.16&Prime; _module_preset=\u00a0\u00bbdefault\u00a0\u00bb global_colors_info=\u00a0\u00bb{}\u00a0\u00bb][et_pb_image src=\u00a0\u00bbhttps:\/\/soyculto.com\/wp-content\/uploads\/Img-The-Correct-Way-1.png\u00a0\u00bb title_text=\u00a0\u00bbImg-The-Correct-Way\u00a0\u00bb align=\u00a0\u00bbcenter\u00a0\u00bb _builder_version=\u00a0\u00bb4.16&Prime; _module_preset=\u00a0\u00bbdefault\u00a0\u00bb width=\u00a0\u00bb80%\u00a0\u00bb global_colors_info=\u00a0\u00bb{}\u00a0\u00bb][\/et_pb_image][\/et_pb_column][\/et_pb_row][\/et_pb_section]<\/p>\n","protected":false},"excerpt":{"rendered":"<p>Thank you for Contacting Us! Your request have successfully been sent. We are committed to cantact you back in the next 72 hours. Please stay tuned!<\/p>\n","protected":false},"author":1,"featured_media":889,"parent":0,"menu_order":710,"comment_status":"closed","ping_status":"closed","template":"","meta":{"_et_pb_use_builder":"on","_et_pb_old_content":"","_et_gb_content_width":"","_monsterinsights_skip_tracking":false,"_monsterinsights_sitenote_active":false,"_monsterinsights_sitenote_note":"","_monsterinsights_sitenote_category":0,"footnotes":""},"class_list":["post-793","page","type-page","status-publish","has-post-thumbnail","hentry"],"yoast_head":"<!-- This site is optimized with the Yoast SEO plugin v27.3 - https:\/\/yoast.com\/product\/yoast-seo-wordpress\/ -->\n<title>Merci pour Avoir Contact\u00e9 Soyculto!<\/title>\n<meta name=\"description\" content=\"Votre sera envoy\u00e9e avec succ\u00e8s. Nous nous engageons \u00e0 vous contacter dans les prochaines 72 heures.\" \/>\n<meta name=\"robots\" content=\"noindex, follow\" \/>\n<meta property=\"og:locale\" content=\"fr_FR\" \/>\n<meta property=\"og:type\" content=\"article\" \/>\n<meta property=\"og:title\" content=\"Merci pour Avoir Contact\u00e9 Soyculto!\" \/>\n<meta property=\"og:description\" content=\"Votre sera envoy\u00e9e avec succ\u00e8s. Nous nous engageons \u00e0 vous contacter dans les prochaines 72 heures.\" \/>\n<meta property=\"og:url\" content=\"https:\/\/soyculto.com\/fr\/\" \/>\n<meta property=\"og:site_name\" content=\"Growth Marketing &amp; Digital Strategy by Soyculto\" \/>\n<meta property=\"article:publisher\" content=\"https:\/\/www.facebook.com\/soyculto\" \/>\n<meta property=\"article:modified_time\" content=\"2022-10-10T17:55:51+00:00\" \/>\n<meta property=\"og:image\" content=\"https:\/\/soyculto.com\/wp-content\/uploads\/Img-The-Correct-Way-1.png\" \/>\n\t<meta property=\"og:image:width\" content=\"1478\" \/>\n\t<meta property=\"og:image:height\" content=\"1376\" \/>\n\t<meta property=\"og:image:type\" content=\"image\/png\" \/>\n<meta name=\"twitter:card\" content=\"summary_large_image\" \/>\n<meta name=\"twitter:site\" content=\"@soyculto\" \/>\n<script type=\"application\/ld+json\" class=\"yoast-schema-graph\">{\"@context\":\"https:\\\/\\\/schema.org\",\"@graph\":[{\"@type\":\"WebPage\",\"@id\":\"https:\\\/\\\/soyculto.com\\\/fr\\\/merci-pour-votre-contact\\\/\",\"url\":\"https:\\\/\\\/soyculto.com\\\/fr\\\/\",\"name\":\"Merci pour Avoir Contact\u00e9 Soyculto!\",\"isPartOf\":{\"@id\":\"https:\\\/\\\/soyculto.com\\\/fr\\\/#website\"},\"primaryImageOfPage\":{\"@id\":\"https:\\\/\\\/soyculto.com\\\/fr\\\/#primaryimage\"},\"image\":{\"@id\":\"https:\\\/\\\/soyculto.com\\\/fr\\\/#primaryimage\"},\"thumbnailUrl\":\"https:\\\/\\\/soyculto.com\\\/wp-content\\\/uploads\\\/Img-The-Correct-Way-1.png\",\"datePublished\":\"2021-09-09T14:08:09+00:00\",\"dateModified\":\"2022-10-10T17:55:51+00:00\",\"description\":\"Votre sera envoy\u00e9e avec succ\u00e8s. Nous nous engageons \u00e0 vous contacter dans les prochaines 72 heures.\",\"breadcrumb\":{\"@id\":\"https:\\\/\\\/soyculto.com\\\/fr\\\/#breadcrumb\"},\"inLanguage\":\"fr-FR\",\"potentialAction\":[{\"@type\":\"ReadAction\",\"target\":[\"https:\\\/\\\/soyculto.com\\\/fr\\\/\"]}]},{\"@type\":\"ImageObject\",\"inLanguage\":\"fr-FR\",\"@id\":\"https:\\\/\\\/soyculto.com\\\/fr\\\/#primaryimage\",\"url\":\"https:\\\/\\\/soyculto.com\\\/wp-content\\\/uploads\\\/Img-The-Correct-Way-1.png\",\"contentUrl\":\"https:\\\/\\\/soyculto.com\\\/wp-content\\\/uploads\\\/Img-The-Correct-Way-1.png\",\"width\":1478,\"height\":1376,\"caption\":\"Entrez\u00a0avec Efficacit\u00e9\u00a0dans un Nouveau March\u00e9\"},{\"@type\":\"BreadcrumbList\",\"@id\":\"https:\\\/\\\/soyculto.com\\\/fr\\\/#breadcrumb\",\"itemListElement\":[{\"@type\":\"ListItem\",\"position\":1,\"name\":\"Home\",\"item\":\"https:\\\/\\\/soyculto.com\\\/fr\\\/\"},{\"@type\":\"ListItem\",\"position\":2,\"name\":\"Merci pour votre contact\"}]},{\"@type\":\"WebSite\",\"@id\":\"https:\\\/\\\/soyculto.com\\\/fr\\\/#website\",\"url\":\"https:\\\/\\\/soyculto.com\\\/fr\\\/\",\"name\":\"Growth Marketing &amp; Digital Strategy by Soyculto\",\"description\":\"Digital Growth &amp; Inbound Marketing\",\"publisher\":{\"@id\":\"https:\\\/\\\/soyculto.com\\\/fr\\\/#organization\"},\"potentialAction\":[{\"@type\":\"SearchAction\",\"target\":{\"@type\":\"EntryPoint\",\"urlTemplate\":\"https:\\\/\\\/soyculto.com\\\/fr\\\/?s={search_term_string}\"},\"query-input\":{\"@type\":\"PropertyValueSpecification\",\"valueRequired\":true,\"valueName\":\"search_term_string\"}}],\"inLanguage\":\"fr-FR\"},{\"@type\":\"Organization\",\"@id\":\"https:\\\/\\\/soyculto.com\\\/fr\\\/#organization\",\"name\":\"Soyculto\",\"url\":\"https:\\\/\\\/soyculto.com\\\/fr\\\/\",\"logo\":{\"@type\":\"ImageObject\",\"inLanguage\":\"fr-FR\",\"@id\":\"https:\\\/\\\/soyculto.com\\\/fr\\\/#\\\/schema\\\/logo\\\/image\\\/\",\"url\":\"https:\\\/\\\/soyculto.com\\\/wp-content\\\/uploads\\\/Asset-1-8.png\",\"contentUrl\":\"https:\\\/\\\/soyculto.com\\\/wp-content\\\/uploads\\\/Asset-1-8.png\",\"width\":405,\"height\":122,\"caption\":\"Soyculto\"},\"image\":{\"@id\":\"https:\\\/\\\/soyculto.com\\\/fr\\\/#\\\/schema\\\/logo\\\/image\\\/\"},\"sameAs\":[\"https:\\\/\\\/www.facebook.com\\\/soyculto\",\"https:\\\/\\\/x.com\\\/soyculto\",\"https:\\\/\\\/www.instagram.com\\\/soyculto\\\/\",\"https:\\\/\\\/www.linkedin.com\\\/company\\\/soyculto\",\"https:\\\/\\\/ar.pinterest.com\\\/soyculto\\\/\",\"https:\\\/\\\/www.youtube.com\\\/c\\\/Soyculto\\\/\"]}]}<\/script>\n<!-- \/ Yoast SEO plugin. -->","yoast_head_json":{"title":"Merci pour Avoir Contact\u00e9 Soyculto!","description":"Votre sera envoy\u00e9e avec succ\u00e8s. Nous nous engageons \u00e0 vous contacter dans les prochaines 72 heures.","robots":{"index":"noindex","follow":"follow"},"og_locale":"fr_FR","og_type":"article","og_title":"Merci pour Avoir Contact\u00e9 Soyculto!","og_description":"Votre sera envoy\u00e9e avec succ\u00e8s. Nous nous engageons \u00e0 vous contacter dans les prochaines 72 heures.","og_url":"https:\/\/soyculto.com\/fr\/","og_site_name":"Growth Marketing &amp; Digital Strategy by Soyculto","article_publisher":"https:\/\/www.facebook.com\/soyculto","article_modified_time":"2022-10-10T17:55:51+00:00","og_image":[{"width":1478,"height":1376,"url":"https:\/\/soyculto.com\/wp-content\/uploads\/Img-The-Correct-Way-1.png","type":"image\/png"}],"twitter_card":"summary_large_image","twitter_site":"@soyculto","schema":{"@context":"https:\/\/schema.org","@graph":[{"@type":"WebPage","@id":"https:\/\/soyculto.com\/fr\/merci-pour-votre-contact\/","url":"https:\/\/soyculto.com\/fr\/","name":"Merci pour Avoir Contact\u00e9 Soyculto!","isPartOf":{"@id":"https:\/\/soyculto.com\/fr\/#website"},"primaryImageOfPage":{"@id":"https:\/\/soyculto.com\/fr\/#primaryimage"},"image":{"@id":"https:\/\/soyculto.com\/fr\/#primaryimage"},"thumbnailUrl":"https:\/\/soyculto.com\/wp-content\/uploads\/Img-The-Correct-Way-1.png","datePublished":"2021-09-09T14:08:09+00:00","dateModified":"2022-10-10T17:55:51+00:00","description":"Votre sera envoy\u00e9e avec succ\u00e8s. Nous nous engageons \u00e0 vous contacter dans les prochaines 72 heures.","breadcrumb":{"@id":"https:\/\/soyculto.com\/fr\/#breadcrumb"},"inLanguage":"fr-FR","potentialAction":[{"@type":"ReadAction","target":["https:\/\/soyculto.com\/fr\/"]}]},{"@type":"ImageObject","inLanguage":"fr-FR","@id":"https:\/\/soyculto.com\/fr\/#primaryimage","url":"https:\/\/soyculto.com\/wp-content\/uploads\/Img-The-Correct-Way-1.png","contentUrl":"https:\/\/soyculto.com\/wp-content\/uploads\/Img-The-Correct-Way-1.png","width":1478,"height":1376,"caption":"Entrez\u00a0avec Efficacit\u00e9\u00a0dans un Nouveau March\u00e9"},{"@type":"BreadcrumbList","@id":"https:\/\/soyculto.com\/fr\/#breadcrumb","itemListElement":[{"@type":"ListItem","position":1,"name":"Home","item":"https:\/\/soyculto.com\/fr\/"},{"@type":"ListItem","position":2,"name":"Merci pour votre contact"}]},{"@type":"WebSite","@id":"https:\/\/soyculto.com\/fr\/#website","url":"https:\/\/soyculto.com\/fr\/","name":"Growth Marketing &amp; Digital Strategy by Soyculto","description":"Digital Growth &amp; Inbound Marketing","publisher":{"@id":"https:\/\/soyculto.com\/fr\/#organization"},"potentialAction":[{"@type":"SearchAction","target":{"@type":"EntryPoint","urlTemplate":"https:\/\/soyculto.com\/fr\/?s={search_term_string}"},"query-input":{"@type":"PropertyValueSpecification","valueRequired":true,"valueName":"search_term_string"}}],"inLanguage":"fr-FR"},{"@type":"Organization","@id":"https:\/\/soyculto.com\/fr\/#organization","name":"Soyculto","url":"https:\/\/soyculto.com\/fr\/","logo":{"@type":"ImageObject","inLanguage":"fr-FR","@id":"https:\/\/soyculto.com\/fr\/#\/schema\/logo\/image\/","url":"https:\/\/soyculto.com\/wp-content\/uploads\/Asset-1-8.png","contentUrl":"https:\/\/soyculto.com\/wp-content\/uploads\/Asset-1-8.png","width":405,"height":122,"caption":"Soyculto"},"image":{"@id":"https:\/\/soyculto.com\/fr\/#\/schema\/logo\/image\/"},"sameAs":["https:\/\/www.facebook.com\/soyculto","https:\/\/x.com\/soyculto","https:\/\/www.instagram.com\/soyculto\/","https:\/\/www.linkedin.com\/company\/soyculto","https:\/\/ar.pinterest.com\/soyculto\/","https:\/\/www.youtube.com\/c\/Soyculto\/"]}]}},"_links":{"self":[{"href":"https:\/\/soyculto.com\/fr\/wp-json\/wp\/v2\/pages\/793","targetHints":{"allow":["GET"]}}],"collection":[{"href":"https:\/\/soyculto.com\/fr\/wp-json\/wp\/v2\/pages"}],"about":[{"href":"https:\/\/soyculto.com\/fr\/wp-json\/wp\/v2\/types\/page"}],"author":[{"embeddable":true,"href":"https:\/\/soyculto.com\/fr\/wp-json\/wp\/v2\/users\/1"}],"replies":[{"embeddable":true,"href":"https:\/\/soyculto.com\/fr\/wp-json\/wp\/v2\/comments?post=793"}],"version-history":[{"count":0,"href":"https:\/\/soyculto.com\/fr\/wp-json\/wp\/v2\/pages\/793\/revisions"}],"wp:featuredmedia":[{"embeddable":true,"href":"https:\/\/soyculto.com\/fr\/wp-json\/wp\/v2\/media\/889"}],"wp:attachment":[{"href":"https:\/\/soyculto.com\/fr\/wp-json\/wp\/v2\/media?parent=793"}],"curies":[{"name":"wp","href":"https:\/\/api.w.org\/{rel}","templated":true}]}}