{"id":786,"date":"2021-09-09T10:58:39","date_gmt":"2021-09-09T13:58:39","guid":{"rendered":"https:\/\/soyculto.com\/gracias-por-contactarnos\/"},"modified":"2025-02-07T13:51:20","modified_gmt":"2025-02-07T16:51:20","slug":"gracias-por-contactarnos","status":"publish","type":"page","link":"https:\/\/soyculto.com\/es\/gracias-por-contactarnos\/","title":{"rendered":"Gracias por Contactarnos"},"content":{"rendered":"<p>[et_pb_section fb_built=\u00bb1&#8243; _builder_version=\u00bb4.16&#8243; _module_preset=\u00bbdefault\u00bb da_disable_devices=\u00bboff|off|off\u00bb global_colors_info=\u00bb{}\u00bb da_is_popup=\u00bboff\u00bb da_exit_intent=\u00bboff\u00bb da_has_close=\u00bbon\u00bb da_alt_close=\u00bboff\u00bb da_dark_close=\u00bboff\u00bb da_not_modal=\u00bbon\u00bb da_is_singular=\u00bboff\u00bb da_with_loader=\u00bboff\u00bb da_has_shadow=\u00bbon\u00bb][et_pb_row column_structure=\u00bb1_2,1_2&#8243; _builder_version=\u00bb4.16&#8243; _module_preset=\u00bbdefault\u00bb locked=\u00bboff\u00bb global_colors_info=\u00bb{}\u00bb][et_pb_column type=\u00bb1_2&#8243; _builder_version=\u00bb4.16&#8243; _module_preset=\u00bbdefault\u00bb global_colors_info=\u00bb{}\u00bb][et_pb_text _builder_version=\u00bb4.27.4&#8243; _module_preset=\u00bbdefault\u00bb text_font=\u00bbOpen Sans||||||||\u00bb text_font_size=\u00bb19px\u00bb text_line_height=\u00bb21px\u00bb header_font=\u00bbMontserrat|900|||||||\u00bb header_text_align=\u00bbleft\u00bb header_text_color=\u00bb#5bce89&#8243; header_font_size=\u00bb55px\u00bb header_line_height=\u00bb61px\u00bb header_2_font=\u00bbMontserrat|900|||||||\u00bb header_2_text_align=\u00bbleft\u00bb header_2_text_color=\u00bb#5bce89&#8243; header_2_font_size=\u00bb55px\u00bb header_2_line_height=\u00bb61px\u00bb header_3_font=\u00bbMontserrat|900|||||||\u00bb header_3_text_align=\u00bbleft\u00bb header_3_text_color=\u00bb#5bce89&#8243; header_3_font_size=\u00bb55px\u00bb header_3_line_height=\u00bb61px\u00bb header_4_font=\u00bbMontserrat|700|||||||\u00bb header_4_text_align=\u00bbleft\u00bb header_4_text_color=\u00bb#F4873D\u00bb header_4_font_size=\u00bb24px\u00bb header_4_line_height=\u00bb61px\u00bb header_5_font=\u00bbMontserrat|900|||||||\u00bb header_5_text_align=\u00bbleft\u00bb header_5_text_color=\u00bb#5bce89&#8243; header_5_font_size=\u00bb55px\u00bb header_5_line_height=\u00bb61px\u00bb header_6_font=\u00bbMontserrat|900|||||||\u00bb header_6_text_align=\u00bbleft\u00bb header_6_text_color=\u00bb#5bce89&#8243; header_6_font_size=\u00bb55px\u00bb header_6_line_height=\u00bb61px\u00bb width_tablet=\u00bb\u00bb width_phone=\u00bb100%\u00bb width_last_edited=\u00bbon|phone\u00bb custom_margin=\u00bb91px||||false|false\u00bb custom_margin_tablet=\u00bb0px||||false|false\u00bb custom_margin_phone=\u00bb-23px||||false|false\u00bb custom_margin_last_edited=\u00bbon|tablet\u00bb custom_padding=\u00bb30px||||false|false\u00bb custom_padding_tablet=\u00bb|80px||80px|false|false\u00bb custom_padding_phone=\u00bb|20px||20px|false|false\u00bb custom_padding_last_edited=\u00bbon|phone\u00bb hover_enabled=\u00bb0&#8243; text_font_size_tablet=\u00bb\u00bb text_font_size_phone=\u00bb14px\u00bb text_font_size_last_edited=\u00bbon|phone\u00bb header_text_align_tablet=\u00bbleft\u00bb header_text_align_phone=\u00bbcenter\u00bb header_text_align_last_edited=\u00bbon|desktop\u00bb header_font_size_tablet=\u00bb46px\u00bb header_font_size_phone=\u00bb40px\u00bb header_font_size_last_edited=\u00bbon|desktop\u00bb header_line_height_tablet=\u00bb52px\u00bb header_line_height_phone=\u00bb46px\u00bb header_line_height_last_edited=\u00bbon|desktop\u00bb header_2_text_align_tablet=\u00bbleft\u00bb header_2_text_align_phone=\u00bbcenter\u00bb header_2_text_align_last_edited=\u00bbon|desktop\u00bb header_2_font_size_tablet=\u00bb46px\u00bb header_2_font_size_phone=\u00bb40px\u00bb header_2_font_size_last_edited=\u00bbon|desktop\u00bb header_2_line_height_tablet=\u00bb52px\u00bb header_2_line_height_phone=\u00bb46px\u00bb header_2_line_height_last_edited=\u00bbon|desktop\u00bb header_3_text_align_tablet=\u00bbleft\u00bb header_3_text_align_phone=\u00bbcenter\u00bb header_3_text_align_last_edited=\u00bbon|desktop\u00bb header_3_font_size_tablet=\u00bb46px\u00bb header_3_font_size_phone=\u00bb40px\u00bb header_3_font_size_last_edited=\u00bbon|desktop\u00bb header_3_line_height_tablet=\u00bb52px\u00bb header_3_line_height_phone=\u00bb46px\u00bb header_3_line_height_last_edited=\u00bbon|desktop\u00bb header_4_text_align_tablet=\u00bbleft\u00bb header_4_text_align_phone=\u00bbcenter\u00bb header_4_text_align_last_edited=\u00bbon|desktop\u00bb header_4_font_size_tablet=\u00bb46px\u00bb header_4_font_size_phone=\u00bb40px\u00bb header_4_font_size_last_edited=\u00bbon|desktop\u00bb header_4_line_height_tablet=\u00bb52px\u00bb header_4_line_height_phone=\u00bb46px\u00bb header_4_line_height_last_edited=\u00bbon|desktop\u00bb header_5_text_align_tablet=\u00bbleft\u00bb header_5_text_align_phone=\u00bbcenter\u00bb header_5_text_align_last_edited=\u00bbon|desktop\u00bb header_5_font_size_tablet=\u00bb46px\u00bb header_5_font_size_phone=\u00bb40px\u00bb header_5_font_size_last_edited=\u00bbon|desktop\u00bb header_5_line_height_tablet=\u00bb52px\u00bb header_5_line_height_phone=\u00bb46px\u00bb header_5_line_height_last_edited=\u00bbon|desktop\u00bb header_6_text_align_tablet=\u00bbleft\u00bb header_6_text_align_phone=\u00bbcenter\u00bb header_6_text_align_last_edited=\u00bbon|desktop\u00bb header_6_font_size_tablet=\u00bb46px\u00bb header_6_font_size_phone=\u00bb40px\u00bb header_6_font_size_last_edited=\u00bbon|desktop\u00bb header_6_line_height_tablet=\u00bb52px\u00bb header_6_line_height_phone=\u00bb46px\u00bb header_6_line_height_last_edited=\u00bbon|desktop\u00bb text_orientation_tablet=\u00bb\u00bb text_orientation_phone=\u00bbcenter\u00bb text_orientation_last_edited=\u00bbon|phone\u00bb global_colors_info=\u00bb{%22gcid-7b7114cf-eef1-4bdc-9491-b1767c01d915%22:%91%22dot_nav_custom_color%22%93}\u00bb sticky_enabled=\u00bb0&#8243;]<\/p>\n<h2><span>\u00a1Gracias por Contactarnos!<\/span><\/h2>\n<p><span>Tu solicitud ha sido enviada con \u00e9xito. Nos comprometemos a contactarte en las pr\u00f3ximas 72 horas.<\/span><\/p>\n<h4>\u00a1Mantente atento!<\/h4>\n<p>[\/et_pb_text][\/et_pb_column][et_pb_column type=\u00bb1_2&#8243; _builder_version=\u00bb4.16&#8243; _module_preset=\u00bbdefault\u00bb global_colors_info=\u00bb{}\u00bb][et_pb_image src=\u00bbhttps:\/\/soyculto.com\/wp-content\/uploads\/Img-The-Correct-Way-1.png\u00bb title_text=\u00bbImg-The-Correct-Way\u00bb align=\u00bbcenter\u00bb _builder_version=\u00bb4.16&#8243; _module_preset=\u00bbdefault\u00bb width=\u00bb80%\u00bb global_colors_info=\u00bb{}\u00bb][\/et_pb_image][\/et_pb_column][\/et_pb_row][\/et_pb_section]<\/p>\n","protected":false},"excerpt":{"rendered":"<p>\u00a1Gracias por Contactarnos! Tu solicitud ha sido enviada con \u00e9xito. Nos comprometemos a contactarte en las pr\u00f3ximas 72 horas. \u00a1Mantente atento!<\/p>\n","protected":false},"author":1,"featured_media":890,"parent":0,"menu_order":710,"comment_status":"closed","ping_status":"closed","template":"","meta":{"_et_pb_use_builder":"on","_et_pb_old_content":"","_et_gb_content_width":"","_monsterinsights_skip_tracking":false,"_monsterinsights_sitenote_active":false,"_monsterinsights_sitenote_note":"","_monsterinsights_sitenote_category":0,"footnotes":""},"class_list":["post-786","page","type-page","status-publish","has-post-thumbnail","hentry"],"yoast_head":"<!-- This site is optimized with the Yoast SEO plugin v27.3 - https:\/\/yoast.com\/product\/yoast-seo-wordpress\/ -->\n<title>\u00a1Gracias por Contactar Soyculto!<\/title>\n<meta name=\"description\" content=\"Su solicitud ser\u00e1 enviada con \u00e9xito. Nos comprometemos a contactarle de nuevo en las pr\u00f3ximas 72 horas.\" \/>\n<meta name=\"robots\" content=\"noindex, follow\" \/>\n<meta property=\"og:locale\" content=\"es_ES\" \/>\n<meta property=\"og:type\" content=\"article\" \/>\n<meta property=\"og:title\" content=\"\u00a1Gracias por Contactar Soyculto!\" \/>\n<meta property=\"og:description\" content=\"Su solicitud ser\u00e1 enviada con \u00e9xito. Nos comprometemos a contactarle de nuevo en las pr\u00f3ximas 72 horas.\" \/>\n<meta property=\"og:url\" content=\"https:\/\/soyculto.com\/es\/\" \/>\n<meta property=\"og:site_name\" content=\"Growth Marketing &amp; Digital Strategy by Soyculto\" \/>\n<meta property=\"article:publisher\" content=\"https:\/\/www.facebook.com\/soyculto\" \/>\n<meta property=\"article:modified_time\" content=\"2025-02-07T16:51:20+00:00\" \/>\n<meta property=\"og:image\" content=\"https:\/\/soyculto.com\/wp-content\/uploads\/Img-The-Correct-Way-1.png\" \/>\n\t<meta property=\"og:image:width\" content=\"1478\" \/>\n\t<meta property=\"og:image:height\" content=\"1376\" \/>\n\t<meta property=\"og:image:type\" content=\"image\/png\" \/>\n<meta name=\"twitter:card\" content=\"summary_large_image\" \/>\n<meta name=\"twitter:site\" content=\"@soyculto\" \/>\n<script type=\"application\/ld+json\" class=\"yoast-schema-graph\">{\"@context\":\"https:\\\/\\\/schema.org\",\"@graph\":[{\"@type\":\"WebPage\",\"@id\":\"https:\\\/\\\/soyculto.com\\\/es\\\/gracias-por-contactarnos\\\/\",\"url\":\"https:\\\/\\\/soyculto.com\\\/es\\\/\",\"name\":\"\u00a1Gracias por Contactar Soyculto!\",\"isPartOf\":{\"@id\":\"https:\\\/\\\/soyculto.com\\\/es\\\/#website\"},\"primaryImageOfPage\":{\"@id\":\"https:\\\/\\\/soyculto.com\\\/es\\\/#primaryimage\"},\"image\":{\"@id\":\"https:\\\/\\\/soyculto.com\\\/es\\\/#primaryimage\"},\"thumbnailUrl\":\"https:\\\/\\\/soyculto.com\\\/wp-content\\\/uploads\\\/Img-The-Correct-Way-1.png\",\"datePublished\":\"2021-09-09T13:58:39+00:00\",\"dateModified\":\"2025-02-07T16:51:20+00:00\",\"description\":\"Su solicitud ser\u00e1 enviada con \u00e9xito. Nos comprometemos a contactarle de nuevo en las pr\u00f3ximas 72 horas.\",\"breadcrumb\":{\"@id\":\"https:\\\/\\\/soyculto.com\\\/es\\\/#breadcrumb\"},\"inLanguage\":\"es\",\"potentialAction\":[{\"@type\":\"ReadAction\",\"target\":[\"https:\\\/\\\/soyculto.com\\\/es\\\/\"]}]},{\"@type\":\"ImageObject\",\"inLanguage\":\"es\",\"@id\":\"https:\\\/\\\/soyculto.com\\\/es\\\/#primaryimage\",\"url\":\"https:\\\/\\\/soyculto.com\\\/wp-content\\\/uploads\\\/Img-The-Correct-Way-1.png\",\"contentUrl\":\"https:\\\/\\\/soyculto.com\\\/wp-content\\\/uploads\\\/Img-The-Correct-Way-1.png\",\"width\":1478,\"height\":1376,\"caption\":\"Entre en un Mercado Nuevo de la Forma Correcta\"},{\"@type\":\"BreadcrumbList\",\"@id\":\"https:\\\/\\\/soyculto.com\\\/es\\\/#breadcrumb\",\"itemListElement\":[{\"@type\":\"ListItem\",\"position\":1,\"name\":\"Home\",\"item\":\"https:\\\/\\\/soyculto.com\\\/es\\\/\"},{\"@type\":\"ListItem\",\"position\":2,\"name\":\"Gracias por Contactarnos\"}]},{\"@type\":\"WebSite\",\"@id\":\"https:\\\/\\\/soyculto.com\\\/es\\\/#website\",\"url\":\"https:\\\/\\\/soyculto.com\\\/es\\\/\",\"name\":\"Growth Marketing &amp; Digital Strategy by Soyculto\",\"description\":\"Digital Growth &amp; Inbound Marketing\",\"publisher\":{\"@id\":\"https:\\\/\\\/soyculto.com\\\/es\\\/#organization\"},\"potentialAction\":[{\"@type\":\"SearchAction\",\"target\":{\"@type\":\"EntryPoint\",\"urlTemplate\":\"https:\\\/\\\/soyculto.com\\\/es\\\/?s={search_term_string}\"},\"query-input\":{\"@type\":\"PropertyValueSpecification\",\"valueRequired\":true,\"valueName\":\"search_term_string\"}}],\"inLanguage\":\"es\"},{\"@type\":\"Organization\",\"@id\":\"https:\\\/\\\/soyculto.com\\\/es\\\/#organization\",\"name\":\"Soyculto\",\"url\":\"https:\\\/\\\/soyculto.com\\\/es\\\/\",\"logo\":{\"@type\":\"ImageObject\",\"inLanguage\":\"es\",\"@id\":\"https:\\\/\\\/soyculto.com\\\/es\\\/#\\\/schema\\\/logo\\\/image\\\/\",\"url\":\"https:\\\/\\\/soyculto.com\\\/wp-content\\\/uploads\\\/Asset-1-8.png\",\"contentUrl\":\"https:\\\/\\\/soyculto.com\\\/wp-content\\\/uploads\\\/Asset-1-8.png\",\"width\":405,\"height\":122,\"caption\":\"Soyculto\"},\"image\":{\"@id\":\"https:\\\/\\\/soyculto.com\\\/es\\\/#\\\/schema\\\/logo\\\/image\\\/\"},\"sameAs\":[\"https:\\\/\\\/www.facebook.com\\\/soyculto\",\"https:\\\/\\\/x.com\\\/soyculto\",\"https:\\\/\\\/www.instagram.com\\\/soyculto\\\/\",\"https:\\\/\\\/www.linkedin.com\\\/company\\\/soyculto\",\"https:\\\/\\\/ar.pinterest.com\\\/soyculto\\\/\",\"https:\\\/\\\/www.youtube.com\\\/c\\\/Soyculto\\\/\"]}]}<\/script>\n<!-- \/ Yoast SEO plugin. -->","yoast_head_json":{"title":"\u00a1Gracias por Contactar Soyculto!","description":"Su solicitud ser\u00e1 enviada con \u00e9xito. Nos comprometemos a contactarle de nuevo en las pr\u00f3ximas 72 horas.","robots":{"index":"noindex","follow":"follow"},"og_locale":"es_ES","og_type":"article","og_title":"\u00a1Gracias por Contactar Soyculto!","og_description":"Su solicitud ser\u00e1 enviada con \u00e9xito. Nos comprometemos a contactarle de nuevo en las pr\u00f3ximas 72 horas.","og_url":"https:\/\/soyculto.com\/es\/","og_site_name":"Growth Marketing &amp; Digital Strategy by Soyculto","article_publisher":"https:\/\/www.facebook.com\/soyculto","article_modified_time":"2025-02-07T16:51:20+00:00","og_image":[{"width":1478,"height":1376,"url":"https:\/\/soyculto.com\/wp-content\/uploads\/Img-The-Correct-Way-1.png","type":"image\/png"}],"twitter_card":"summary_large_image","twitter_site":"@soyculto","schema":{"@context":"https:\/\/schema.org","@graph":[{"@type":"WebPage","@id":"https:\/\/soyculto.com\/es\/gracias-por-contactarnos\/","url":"https:\/\/soyculto.com\/es\/","name":"\u00a1Gracias por Contactar Soyculto!","isPartOf":{"@id":"https:\/\/soyculto.com\/es\/#website"},"primaryImageOfPage":{"@id":"https:\/\/soyculto.com\/es\/#primaryimage"},"image":{"@id":"https:\/\/soyculto.com\/es\/#primaryimage"},"thumbnailUrl":"https:\/\/soyculto.com\/wp-content\/uploads\/Img-The-Correct-Way-1.png","datePublished":"2021-09-09T13:58:39+00:00","dateModified":"2025-02-07T16:51:20+00:00","description":"Su solicitud ser\u00e1 enviada con \u00e9xito. Nos comprometemos a contactarle de nuevo en las pr\u00f3ximas 72 horas.","breadcrumb":{"@id":"https:\/\/soyculto.com\/es\/#breadcrumb"},"inLanguage":"es","potentialAction":[{"@type":"ReadAction","target":["https:\/\/soyculto.com\/es\/"]}]},{"@type":"ImageObject","inLanguage":"es","@id":"https:\/\/soyculto.com\/es\/#primaryimage","url":"https:\/\/soyculto.com\/wp-content\/uploads\/Img-The-Correct-Way-1.png","contentUrl":"https:\/\/soyculto.com\/wp-content\/uploads\/Img-The-Correct-Way-1.png","width":1478,"height":1376,"caption":"Entre en un Mercado Nuevo de la Forma Correcta"},{"@type":"BreadcrumbList","@id":"https:\/\/soyculto.com\/es\/#breadcrumb","itemListElement":[{"@type":"ListItem","position":1,"name":"Home","item":"https:\/\/soyculto.com\/es\/"},{"@type":"ListItem","position":2,"name":"Gracias por Contactarnos"}]},{"@type":"WebSite","@id":"https:\/\/soyculto.com\/es\/#website","url":"https:\/\/soyculto.com\/es\/","name":"Growth Marketing &amp; Digital Strategy by Soyculto","description":"Digital Growth &amp; Inbound Marketing","publisher":{"@id":"https:\/\/soyculto.com\/es\/#organization"},"potentialAction":[{"@type":"SearchAction","target":{"@type":"EntryPoint","urlTemplate":"https:\/\/soyculto.com\/es\/?s={search_term_string}"},"query-input":{"@type":"PropertyValueSpecification","valueRequired":true,"valueName":"search_term_string"}}],"inLanguage":"es"},{"@type":"Organization","@id":"https:\/\/soyculto.com\/es\/#organization","name":"Soyculto","url":"https:\/\/soyculto.com\/es\/","logo":{"@type":"ImageObject","inLanguage":"es","@id":"https:\/\/soyculto.com\/es\/#\/schema\/logo\/image\/","url":"https:\/\/soyculto.com\/wp-content\/uploads\/Asset-1-8.png","contentUrl":"https:\/\/soyculto.com\/wp-content\/uploads\/Asset-1-8.png","width":405,"height":122,"caption":"Soyculto"},"image":{"@id":"https:\/\/soyculto.com\/es\/#\/schema\/logo\/image\/"},"sameAs":["https:\/\/www.facebook.com\/soyculto","https:\/\/x.com\/soyculto","https:\/\/www.instagram.com\/soyculto\/","https:\/\/www.linkedin.com\/company\/soyculto","https:\/\/ar.pinterest.com\/soyculto\/","https:\/\/www.youtube.com\/c\/Soyculto\/"]}]}},"_links":{"self":[{"href":"https:\/\/soyculto.com\/es\/wp-json\/wp\/v2\/pages\/786","targetHints":{"allow":["GET"]}}],"collection":[{"href":"https:\/\/soyculto.com\/es\/wp-json\/wp\/v2\/pages"}],"about":[{"href":"https:\/\/soyculto.com\/es\/wp-json\/wp\/v2\/types\/page"}],"author":[{"embeddable":true,"href":"https:\/\/soyculto.com\/es\/wp-json\/wp\/v2\/users\/1"}],"replies":[{"embeddable":true,"href":"https:\/\/soyculto.com\/es\/wp-json\/wp\/v2\/comments?post=786"}],"version-history":[{"count":0,"href":"https:\/\/soyculto.com\/es\/wp-json\/wp\/v2\/pages\/786\/revisions"}],"wp:featuredmedia":[{"embeddable":true,"href":"https:\/\/soyculto.com\/es\/wp-json\/wp\/v2\/media\/890"}],"wp:attachment":[{"href":"https:\/\/soyculto.com\/es\/wp-json\/wp\/v2\/media?parent=786"}],"curies":[{"name":"wp","href":"https:\/\/api.w.org\/{rel}","templated":true}]}}